{"id":95,"date":"2023-01-27T04:00:55","date_gmt":"2023-01-27T04:00:55","guid":{"rendered":"https:\/\/rogers-centre.ca\/about-us\/careers"},"modified":"2026-03-30T17:35:39","modified_gmt":"2026-03-30T17:35:39","slug":"carrieres","status":"publish","type":"page","link":"https:\/\/rogers-centre.ca\/fr\/a-propos-de-nous\/carrieres","title":{"rendered":"Carri\u00e8res"},"content":{"rendered":"","protected":false},"excerpt":{"rendered":"","protected":false},"author":1,"featured_media":0,"parent":89,"menu_order":0,"comment_status":"closed","ping_status":"closed","template":"templates\/page-pattern-library.php","meta":{"_acf_changed":false,"footnotes":""},"class_list":["post-95","page","type-page","status-publish","hentry"],"acf":[],"yoast_head":"<!-- This site is optimized with the Yoast SEO plugin v27.2 - https:\/\/yoast.com\/product\/yoast-seo-wordpress\/ -->\n<title>Possibilit\u00e9s de carri\u00e8re \u00e0 Ottawa, Toursime | Centre Rogers Ottawa<\/title>\n<meta name=\"description\" content=\"Si vous aimez organiser et accueillir des rassemblements de toutes tailles, le Centre Rogers Ottawa a une possibilit\u00e9 de carri\u00e8re pour vous.\" \/>\n<meta name=\"robots\" content=\"index, follow, max-snippet:-1, max-image-preview:large, max-video-preview:-1\" \/>\n<link rel=\"canonical\" href=\"https:\/\/rogers-centre.ca\/fr\/a-propos-de-nous\/carrieres\" \/>\n<meta property=\"og:locale\" content=\"fr_FR\" \/>\n<meta property=\"og:type\" content=\"article\" \/>\n<meta property=\"og:title\" content=\"Possibilit\u00e9s de carri\u00e8re \u00e0 Ottawa, Toursime | Centre Rogers Ottawa\" \/>\n<meta property=\"og:description\" content=\"Si vous aimez organiser et accueillir des rassemblements de toutes tailles, le Centre Rogers Ottawa a une possibilit\u00e9 de carri\u00e8re pour vous.\" \/>\n<meta property=\"og:url\" content=\"https:\/\/rogers-centre.ca\/fr\/a-propos-de-nous\/carrieres\" \/>\n<meta property=\"og:site_name\" content=\"Centre Rogers Ottawa\" \/>\n<meta property=\"article:modified_time\" content=\"2026-03-30T17:35:39+00:00\" \/>\n<meta name=\"twitter:card\" content=\"summary_large_image\" \/>\n<script type=\"application\/ld+json\" class=\"yoast-schema-graph\">{\"@context\":\"https:\/\/schema.org\",\"@graph\":[{\"@type\":\"WebPage\",\"@id\":\"https:\/\/rogers-centre.ca\/fr\/a-propos-de-nous\/carrieres\",\"url\":\"https:\/\/rogers-centre.ca\/fr\/a-propos-de-nous\/carrieres\",\"name\":\"Possibilit\u00e9s de carri\u00e8re \u00e0 Ottawa, Toursime | Centre Rogers Ottawa\",\"isPartOf\":{\"@id\":\"https:\/\/rogers-centre.ca\/fr\/#website\"},\"datePublished\":\"2023-01-27T04:00:55+00:00\",\"dateModified\":\"2026-03-30T17:35:39+00:00\",\"description\":\"Si vous aimez organiser et accueillir des rassemblements de toutes tailles, le Centre Rogers Ottawa a une possibilit\u00e9 de carri\u00e8re pour vous.\",\"breadcrumb\":{\"@id\":\"https:\/\/rogers-centre.ca\/fr\/a-propos-de-nous\/carrieres#breadcrumb\"},\"inLanguage\":\"fr-FR\",\"potentialAction\":[{\"@type\":\"ReadAction\",\"target\":[\"https:\/\/rogers-centre.ca\/fr\/a-propos-de-nous\/carrieres\"]}]},{\"@type\":\"BreadcrumbList\",\"@id\":\"https:\/\/rogers-centre.ca\/fr\/a-propos-de-nous\/carrieres#breadcrumb\",\"itemListElement\":[{\"@type\":\"ListItem\",\"position\":1,\"name\":\"Home\",\"item\":\"https:\/\/rogers-centre.ca\/fr\"},{\"@type\":\"ListItem\",\"position\":2,\"name\":\"\u00c0 propos de nous\",\"item\":\"https:\/\/rogers-centre.ca\/fr\/a-propos-de-nous\"},{\"@type\":\"ListItem\",\"position\":3,\"name\":\"Carri\u00e8res\"}]},{\"@type\":\"WebSite\",\"@id\":\"https:\/\/rogers-centre.ca\/fr\/#website\",\"url\":\"https:\/\/rogers-centre.ca\/fr\/\",\"name\":\"Centre Rogers Ottawa\",\"description\":\"Welcome to Canada\u2019s Meeting Place in the Heart of Ottawa.\",\"potentialAction\":[{\"@type\":\"SearchAction\",\"target\":{\"@type\":\"EntryPoint\",\"urlTemplate\":\"https:\/\/rogers-centre.ca\/fr\/?s={search_term_string}\"},\"query-input\":{\"@type\":\"PropertyValueSpecification\",\"valueRequired\":true,\"valueName\":\"search_term_string\"}}],\"inLanguage\":\"fr-FR\"}]}<\/script>\n<!-- \/ Yoast SEO plugin. -->","yoast_head_json":{"title":"Possibilit\u00e9s de carri\u00e8re \u00e0 Ottawa, Toursime | Centre Rogers Ottawa","description":"Si vous aimez organiser et accueillir des rassemblements de toutes tailles, le Centre Rogers Ottawa a une possibilit\u00e9 de carri\u00e8re pour vous.","robots":{"index":"index","follow":"follow","max-snippet":"max-snippet:-1","max-image-preview":"max-image-preview:large","max-video-preview":"max-video-preview:-1"},"canonical":"https:\/\/rogers-centre.ca\/fr\/a-propos-de-nous\/carrieres","og_locale":"fr_FR","og_type":"article","og_title":"Possibilit\u00e9s de carri\u00e8re \u00e0 Ottawa, Toursime | Centre Rogers Ottawa","og_description":"Si vous aimez organiser et accueillir des rassemblements de toutes tailles, le Centre Rogers Ottawa a une possibilit\u00e9 de carri\u00e8re pour vous.","og_url":"https:\/\/rogers-centre.ca\/fr\/a-propos-de-nous\/carrieres","og_site_name":"Centre Rogers Ottawa","article_modified_time":"2026-03-30T17:35:39+00:00","twitter_card":"summary_large_image","schema":{"@context":"https:\/\/schema.org","@graph":[{"@type":"WebPage","@id":"https:\/\/rogers-centre.ca\/fr\/a-propos-de-nous\/carrieres","url":"https:\/\/rogers-centre.ca\/fr\/a-propos-de-nous\/carrieres","name":"Possibilit\u00e9s de carri\u00e8re \u00e0 Ottawa, Toursime | Centre Rogers Ottawa","isPartOf":{"@id":"https:\/\/rogers-centre.ca\/fr\/#website"},"datePublished":"2023-01-27T04:00:55+00:00","dateModified":"2026-03-30T17:35:39+00:00","description":"Si vous aimez organiser et accueillir des rassemblements de toutes tailles, le Centre Rogers Ottawa a une possibilit\u00e9 de carri\u00e8re pour vous.","breadcrumb":{"@id":"https:\/\/rogers-centre.ca\/fr\/a-propos-de-nous\/carrieres#breadcrumb"},"inLanguage":"fr-FR","potentialAction":[{"@type":"ReadAction","target":["https:\/\/rogers-centre.ca\/fr\/a-propos-de-nous\/carrieres"]}]},{"@type":"BreadcrumbList","@id":"https:\/\/rogers-centre.ca\/fr\/a-propos-de-nous\/carrieres#breadcrumb","itemListElement":[{"@type":"ListItem","position":1,"name":"Home","item":"https:\/\/rogers-centre.ca\/fr"},{"@type":"ListItem","position":2,"name":"\u00c0 propos de nous","item":"https:\/\/rogers-centre.ca\/fr\/a-propos-de-nous"},{"@type":"ListItem","position":3,"name":"Carri\u00e8res"}]},{"@type":"WebSite","@id":"https:\/\/rogers-centre.ca\/fr\/#website","url":"https:\/\/rogers-centre.ca\/fr\/","name":"Centre Rogers Ottawa","description":"Welcome to Canada\u2019s Meeting Place in the Heart of Ottawa.","potentialAction":[{"@type":"SearchAction","target":{"@type":"EntryPoint","urlTemplate":"https:\/\/rogers-centre.ca\/fr\/?s={search_term_string}"},"query-input":{"@type":"PropertyValueSpecification","valueRequired":true,"valueName":"search_term_string"}}],"inLanguage":"fr-FR"}]}},"_links":{"self":[{"href":"https:\/\/rogers-centre.ca\/fr\/wp-json\/wp\/v2\/pages\/95","targetHints":{"allow":["GET"]}}],"collection":[{"href":"https:\/\/rogers-centre.ca\/fr\/wp-json\/wp\/v2\/pages"}],"about":[{"href":"https:\/\/rogers-centre.ca\/fr\/wp-json\/wp\/v2\/types\/page"}],"author":[{"embeddable":true,"href":"https:\/\/rogers-centre.ca\/fr\/wp-json\/wp\/v2\/users\/1"}],"replies":[{"embeddable":true,"href":"https:\/\/rogers-centre.ca\/fr\/wp-json\/wp\/v2\/comments?post=95"}],"version-history":[{"count":29,"href":"https:\/\/rogers-centre.ca\/fr\/wp-json\/wp\/v2\/pages\/95\/revisions"}],"predecessor-version":[{"id":11654,"href":"https:\/\/rogers-centre.ca\/fr\/wp-json\/wp\/v2\/pages\/95\/revisions\/11654"}],"up":[{"embeddable":true,"href":"https:\/\/rogers-centre.ca\/fr\/wp-json\/wp\/v2\/pages\/89"}],"wp:attachment":[{"href":"https:\/\/rogers-centre.ca\/fr\/wp-json\/wp\/v2\/media?parent=95"}],"curies":[{"name":"wp","href":"https:\/\/api.w.org\/{rel}","templated":true}]}}