{"id":91,"date":"2023-01-27T03:59:49","date_gmt":"2023-01-27T03:59:49","guid":{"rendered":"https:\/\/rogers-centre.ca\/about-us\/accessibility"},"modified":"2026-01-23T14:13:34","modified_gmt":"2026-01-23T14:13:34","slug":"accessibilite","status":"publish","type":"page","link":"https:\/\/rogers-centre.ca\/fr\/a-propos-de-nous\/accessibilite","title":{"rendered":"Accessibilit\u00e9"},"content":{"rendered":"","protected":false},"excerpt":{"rendered":"","protected":false},"author":1,"featured_media":0,"parent":89,"menu_order":0,"comment_status":"closed","ping_status":"closed","template":"templates\/page-pattern-library.php","meta":{"_acf_changed":false,"footnotes":""},"class_list":["post-91","page","type-page","status-publish","hentry"],"acf":[],"yoast_head":"<!-- This site is optimized with the Yoast SEO plugin v27.2 - https:\/\/yoast.com\/product\/yoast-seo-wordpress\/ -->\n<title>Accessibilit\u00e9, Centre des congr\u00e8s d&#039;Ottawa | Centre Rogers Ottawa<\/title>\n<meta name=\"description\" content=\"Le Centre Rogers Ottawa s&#039;engage \u00e0 offrir une exp\u00e9rience inclusive et \u00e9gale pour tous. Cliquez ici pour voir notre plan d&#039;accessibilit\u00e9.\" \/>\n<meta name=\"robots\" content=\"index, follow, max-snippet:-1, max-image-preview:large, max-video-preview:-1\" \/>\n<link rel=\"canonical\" href=\"https:\/\/rogers-centre.ca\/fr\/a-propos-de-nous\/accessibilite\" \/>\n<meta property=\"og:locale\" content=\"fr_FR\" \/>\n<meta property=\"og:type\" content=\"article\" \/>\n<meta property=\"og:title\" content=\"Accessibilit\u00e9, Centre des congr\u00e8s d&#039;Ottawa | Centre Rogers Ottawa\" \/>\n<meta property=\"og:description\" content=\"Le Centre Rogers Ottawa s&#039;engage \u00e0 offrir une exp\u00e9rience inclusive et \u00e9gale pour tous. Cliquez ici pour voir notre plan d&#039;accessibilit\u00e9.\" \/>\n<meta property=\"og:url\" content=\"https:\/\/rogers-centre.ca\/fr\/a-propos-de-nous\/accessibilite\" \/>\n<meta property=\"og:site_name\" content=\"Centre Rogers Ottawa\" \/>\n<meta property=\"article:modified_time\" content=\"2026-01-23T14:13:34+00:00\" \/>\n<meta name=\"twitter:card\" content=\"summary_large_image\" \/>\n<script type=\"application\/ld+json\" class=\"yoast-schema-graph\">{\"@context\":\"https:\/\/schema.org\",\"@graph\":[{\"@type\":\"WebPage\",\"@id\":\"https:\/\/rogers-centre.ca\/fr\/a-propos-de-nous\/accessibilite\",\"url\":\"https:\/\/rogers-centre.ca\/fr\/a-propos-de-nous\/accessibilite\",\"name\":\"Accessibilit\u00e9, Centre des congr\u00e8s d'Ottawa | Centre Rogers Ottawa\",\"isPartOf\":{\"@id\":\"https:\/\/rogers-centre.ca\/fr\/#website\"},\"datePublished\":\"2023-01-27T03:59:49+00:00\",\"dateModified\":\"2026-01-23T14:13:34+00:00\",\"description\":\"Le Centre Rogers Ottawa s'engage \u00e0 offrir une exp\u00e9rience inclusive et \u00e9gale pour tous. Cliquez ici pour voir notre plan d'accessibilit\u00e9.\",\"breadcrumb\":{\"@id\":\"https:\/\/rogers-centre.ca\/fr\/a-propos-de-nous\/accessibilite#breadcrumb\"},\"inLanguage\":\"fr-FR\",\"potentialAction\":[{\"@type\":\"ReadAction\",\"target\":[\"https:\/\/rogers-centre.ca\/fr\/a-propos-de-nous\/accessibilite\"]}]},{\"@type\":\"BreadcrumbList\",\"@id\":\"https:\/\/rogers-centre.ca\/fr\/a-propos-de-nous\/accessibilite#breadcrumb\",\"itemListElement\":[{\"@type\":\"ListItem\",\"position\":1,\"name\":\"Home\",\"item\":\"https:\/\/rogers-centre.ca\/fr\"},{\"@type\":\"ListItem\",\"position\":2,\"name\":\"\u00c0 propos de nous\",\"item\":\"https:\/\/rogers-centre.ca\/fr\/a-propos-de-nous\"},{\"@type\":\"ListItem\",\"position\":3,\"name\":\"Accessibilit\u00e9\"}]},{\"@type\":\"WebSite\",\"@id\":\"https:\/\/rogers-centre.ca\/fr\/#website\",\"url\":\"https:\/\/rogers-centre.ca\/fr\/\",\"name\":\"Centre Rogers Ottawa\",\"description\":\"Welcome to Canada\u2019s Meeting Place in the Heart of Ottawa.\",\"potentialAction\":[{\"@type\":\"SearchAction\",\"target\":{\"@type\":\"EntryPoint\",\"urlTemplate\":\"https:\/\/rogers-centre.ca\/fr\/?s={search_term_string}\"},\"query-input\":{\"@type\":\"PropertyValueSpecification\",\"valueRequired\":true,\"valueName\":\"search_term_string\"}}],\"inLanguage\":\"fr-FR\"}]}<\/script>\n<!-- \/ Yoast SEO plugin. -->","yoast_head_json":{"title":"Accessibilit\u00e9, Centre des congr\u00e8s d'Ottawa | Centre Rogers Ottawa","description":"Le Centre Rogers Ottawa s'engage \u00e0 offrir une exp\u00e9rience inclusive et \u00e9gale pour tous. Cliquez ici pour voir notre plan d'accessibilit\u00e9.","robots":{"index":"index","follow":"follow","max-snippet":"max-snippet:-1","max-image-preview":"max-image-preview:large","max-video-preview":"max-video-preview:-1"},"canonical":"https:\/\/rogers-centre.ca\/fr\/a-propos-de-nous\/accessibilite","og_locale":"fr_FR","og_type":"article","og_title":"Accessibilit\u00e9, Centre des congr\u00e8s d'Ottawa | Centre Rogers Ottawa","og_description":"Le Centre Rogers Ottawa s'engage \u00e0 offrir une exp\u00e9rience inclusive et \u00e9gale pour tous. Cliquez ici pour voir notre plan d'accessibilit\u00e9.","og_url":"https:\/\/rogers-centre.ca\/fr\/a-propos-de-nous\/accessibilite","og_site_name":"Centre Rogers Ottawa","article_modified_time":"2026-01-23T14:13:34+00:00","twitter_card":"summary_large_image","schema":{"@context":"https:\/\/schema.org","@graph":[{"@type":"WebPage","@id":"https:\/\/rogers-centre.ca\/fr\/a-propos-de-nous\/accessibilite","url":"https:\/\/rogers-centre.ca\/fr\/a-propos-de-nous\/accessibilite","name":"Accessibilit\u00e9, Centre des congr\u00e8s d'Ottawa | Centre Rogers Ottawa","isPartOf":{"@id":"https:\/\/rogers-centre.ca\/fr\/#website"},"datePublished":"2023-01-27T03:59:49+00:00","dateModified":"2026-01-23T14:13:34+00:00","description":"Le Centre Rogers Ottawa s'engage \u00e0 offrir une exp\u00e9rience inclusive et \u00e9gale pour tous. Cliquez ici pour voir notre plan d'accessibilit\u00e9.","breadcrumb":{"@id":"https:\/\/rogers-centre.ca\/fr\/a-propos-de-nous\/accessibilite#breadcrumb"},"inLanguage":"fr-FR","potentialAction":[{"@type":"ReadAction","target":["https:\/\/rogers-centre.ca\/fr\/a-propos-de-nous\/accessibilite"]}]},{"@type":"BreadcrumbList","@id":"https:\/\/rogers-centre.ca\/fr\/a-propos-de-nous\/accessibilite#breadcrumb","itemListElement":[{"@type":"ListItem","position":1,"name":"Home","item":"https:\/\/rogers-centre.ca\/fr"},{"@type":"ListItem","position":2,"name":"\u00c0 propos de nous","item":"https:\/\/rogers-centre.ca\/fr\/a-propos-de-nous"},{"@type":"ListItem","position":3,"name":"Accessibilit\u00e9"}]},{"@type":"WebSite","@id":"https:\/\/rogers-centre.ca\/fr\/#website","url":"https:\/\/rogers-centre.ca\/fr\/","name":"Centre Rogers Ottawa","description":"Welcome to Canada\u2019s Meeting Place in the Heart of Ottawa.","potentialAction":[{"@type":"SearchAction","target":{"@type":"EntryPoint","urlTemplate":"https:\/\/rogers-centre.ca\/fr\/?s={search_term_string}"},"query-input":{"@type":"PropertyValueSpecification","valueRequired":true,"valueName":"search_term_string"}}],"inLanguage":"fr-FR"}]}},"_links":{"self":[{"href":"https:\/\/rogers-centre.ca\/fr\/wp-json\/wp\/v2\/pages\/91","targetHints":{"allow":["GET"]}}],"collection":[{"href":"https:\/\/rogers-centre.ca\/fr\/wp-json\/wp\/v2\/pages"}],"about":[{"href":"https:\/\/rogers-centre.ca\/fr\/wp-json\/wp\/v2\/types\/page"}],"author":[{"embeddable":true,"href":"https:\/\/rogers-centre.ca\/fr\/wp-json\/wp\/v2\/users\/1"}],"replies":[{"embeddable":true,"href":"https:\/\/rogers-centre.ca\/fr\/wp-json\/wp\/v2\/comments?post=91"}],"version-history":[{"count":2,"href":"https:\/\/rogers-centre.ca\/fr\/wp-json\/wp\/v2\/pages\/91\/revisions"}],"predecessor-version":[{"id":11444,"href":"https:\/\/rogers-centre.ca\/fr\/wp-json\/wp\/v2\/pages\/91\/revisions\/11444"}],"up":[{"embeddable":true,"href":"https:\/\/rogers-centre.ca\/fr\/wp-json\/wp\/v2\/pages\/89"}],"wp:attachment":[{"href":"https:\/\/rogers-centre.ca\/fr\/wp-json\/wp\/v2\/media?parent=91"}],"curies":[{"name":"wp","href":"https:\/\/api.w.org\/{rel}","templated":true}]}}