{"id":6139,"date":"2023-07-12T18:52:58","date_gmt":"2023-07-12T18:52:58","guid":{"rendered":"https:\/\/rogers-centre.ca\/city-ndns"},"modified":"2026-03-20T14:45:54","modified_gmt":"2026-03-20T14:45:54","slug":"city-ndns","status":"publish","type":"page","link":"https:\/\/rogers-centre.ca\/fr\/city-ndns","title":{"rendered":"Ville Autochtone | \u00ab City NDNs \u00bb"},"content":{"rendered":"","protected":false},"excerpt":{"rendered":"","protected":false},"author":3,"featured_media":0,"parent":0,"menu_order":0,"comment_status":"closed","ping_status":"closed","template":"templates\/page-pattern-library.php","meta":{"_acf_changed":false,"footnotes":""},"class_list":["post-6139","page","type-page","status-publish","hentry"],"acf":[],"yoast_head":"<!-- This site is optimized with the Yoast SEO plugin v27.2 - https:\/\/yoast.com\/product\/yoast-seo-wordpress\/ -->\n<title>Ville Autochtone | Centre Rogers Ottawa<\/title>\n<meta name=\"description\" content=\"J\u2019ai r\u00e9alis\u00e9 cette pi\u00e8ce en essayant de capturer les sentiments que j\u2019\u00e9prouve lorsque j\u2019essaie de naviguer dans une minorit\u00e9 sur ma propre terre.\" \/>\n<meta name=\"robots\" content=\"index, follow, max-snippet:-1, max-image-preview:large, max-video-preview:-1\" \/>\n<link rel=\"canonical\" href=\"https:\/\/rogers-centre.ca\/fr\/city-ndns\" \/>\n<meta property=\"og:locale\" content=\"fr_FR\" \/>\n<meta property=\"og:type\" content=\"article\" \/>\n<meta property=\"og:title\" content=\"Ville Autochtone | Centre Rogers Ottawa\" \/>\n<meta property=\"og:description\" content=\"J\u2019ai r\u00e9alis\u00e9 cette pi\u00e8ce en essayant de capturer les sentiments que j\u2019\u00e9prouve lorsque j\u2019essaie de naviguer dans une minorit\u00e9 sur ma propre terre.\" \/>\n<meta property=\"og:url\" content=\"https:\/\/rogers-centre.ca\/fr\/city-ndns\" \/>\n<meta property=\"og:site_name\" content=\"Centre Rogers Ottawa\" \/>\n<meta property=\"article:modified_time\" content=\"2026-03-20T14:45:54+00:00\" \/>\n<meta name=\"twitter:card\" content=\"summary_large_image\" \/>\n<script type=\"application\/ld+json\" class=\"yoast-schema-graph\">{\"@context\":\"https:\/\/schema.org\",\"@graph\":[{\"@type\":\"WebPage\",\"@id\":\"https:\/\/rogers-centre.ca\/fr\/city-ndns\",\"url\":\"https:\/\/rogers-centre.ca\/fr\/city-ndns\",\"name\":\"Ville Autochtone | Centre Rogers Ottawa\",\"isPartOf\":{\"@id\":\"https:\/\/rogers-centre.ca\/fr\/#website\"},\"datePublished\":\"2023-07-12T18:52:58+00:00\",\"dateModified\":\"2026-03-20T14:45:54+00:00\",\"description\":\"J\u2019ai r\u00e9alis\u00e9 cette pi\u00e8ce en essayant de capturer les sentiments que j\u2019\u00e9prouve lorsque j\u2019essaie de naviguer dans une minorit\u00e9 sur ma propre terre.\",\"breadcrumb\":{\"@id\":\"https:\/\/rogers-centre.ca\/fr\/city-ndns#breadcrumb\"},\"inLanguage\":\"fr-FR\",\"potentialAction\":[{\"@type\":\"ReadAction\",\"target\":[\"https:\/\/rogers-centre.ca\/fr\/city-ndns\"]}]},{\"@type\":\"BreadcrumbList\",\"@id\":\"https:\/\/rogers-centre.ca\/fr\/city-ndns#breadcrumb\",\"itemListElement\":[{\"@type\":\"ListItem\",\"position\":1,\"name\":\"Home\",\"item\":\"https:\/\/rogers-centre.ca\/fr\"},{\"@type\":\"ListItem\",\"position\":2,\"name\":\"Ville Autochtone | \u00ab City NDNs \u00bb\"}]},{\"@type\":\"WebSite\",\"@id\":\"https:\/\/rogers-centre.ca\/fr\/#website\",\"url\":\"https:\/\/rogers-centre.ca\/fr\/\",\"name\":\"Centre Rogers Ottawa\",\"description\":\"Welcome to Canada\u2019s Meeting Place in the Heart of Ottawa.\",\"potentialAction\":[{\"@type\":\"SearchAction\",\"target\":{\"@type\":\"EntryPoint\",\"urlTemplate\":\"https:\/\/rogers-centre.ca\/fr\/?s={search_term_string}\"},\"query-input\":{\"@type\":\"PropertyValueSpecification\",\"valueRequired\":true,\"valueName\":\"search_term_string\"}}],\"inLanguage\":\"fr-FR\"}]}<\/script>\n<!-- \/ Yoast SEO plugin. -->","yoast_head_json":{"title":"Ville Autochtone | Centre Rogers Ottawa","description":"J\u2019ai r\u00e9alis\u00e9 cette pi\u00e8ce en essayant de capturer les sentiments que j\u2019\u00e9prouve lorsque j\u2019essaie de naviguer dans une minorit\u00e9 sur ma propre terre.","robots":{"index":"index","follow":"follow","max-snippet":"max-snippet:-1","max-image-preview":"max-image-preview:large","max-video-preview":"max-video-preview:-1"},"canonical":"https:\/\/rogers-centre.ca\/fr\/city-ndns","og_locale":"fr_FR","og_type":"article","og_title":"Ville Autochtone | Centre Rogers Ottawa","og_description":"J\u2019ai r\u00e9alis\u00e9 cette pi\u00e8ce en essayant de capturer les sentiments que j\u2019\u00e9prouve lorsque j\u2019essaie de naviguer dans une minorit\u00e9 sur ma propre terre.","og_url":"https:\/\/rogers-centre.ca\/fr\/city-ndns","og_site_name":"Centre Rogers Ottawa","article_modified_time":"2026-03-20T14:45:54+00:00","twitter_card":"summary_large_image","schema":{"@context":"https:\/\/schema.org","@graph":[{"@type":"WebPage","@id":"https:\/\/rogers-centre.ca\/fr\/city-ndns","url":"https:\/\/rogers-centre.ca\/fr\/city-ndns","name":"Ville Autochtone | Centre Rogers Ottawa","isPartOf":{"@id":"https:\/\/rogers-centre.ca\/fr\/#website"},"datePublished":"2023-07-12T18:52:58+00:00","dateModified":"2026-03-20T14:45:54+00:00","description":"J\u2019ai r\u00e9alis\u00e9 cette pi\u00e8ce en essayant de capturer les sentiments que j\u2019\u00e9prouve lorsque j\u2019essaie de naviguer dans une minorit\u00e9 sur ma propre terre.","breadcrumb":{"@id":"https:\/\/rogers-centre.ca\/fr\/city-ndns#breadcrumb"},"inLanguage":"fr-FR","potentialAction":[{"@type":"ReadAction","target":["https:\/\/rogers-centre.ca\/fr\/city-ndns"]}]},{"@type":"BreadcrumbList","@id":"https:\/\/rogers-centre.ca\/fr\/city-ndns#breadcrumb","itemListElement":[{"@type":"ListItem","position":1,"name":"Home","item":"https:\/\/rogers-centre.ca\/fr"},{"@type":"ListItem","position":2,"name":"Ville Autochtone | \u00ab City NDNs \u00bb"}]},{"@type":"WebSite","@id":"https:\/\/rogers-centre.ca\/fr\/#website","url":"https:\/\/rogers-centre.ca\/fr\/","name":"Centre Rogers Ottawa","description":"Welcome to Canada\u2019s Meeting Place in the Heart of Ottawa.","potentialAction":[{"@type":"SearchAction","target":{"@type":"EntryPoint","urlTemplate":"https:\/\/rogers-centre.ca\/fr\/?s={search_term_string}"},"query-input":{"@type":"PropertyValueSpecification","valueRequired":true,"valueName":"search_term_string"}}],"inLanguage":"fr-FR"}]}},"_links":{"self":[{"href":"https:\/\/rogers-centre.ca\/fr\/wp-json\/wp\/v2\/pages\/6139","targetHints":{"allow":["GET"]}}],"collection":[{"href":"https:\/\/rogers-centre.ca\/fr\/wp-json\/wp\/v2\/pages"}],"about":[{"href":"https:\/\/rogers-centre.ca\/fr\/wp-json\/wp\/v2\/types\/page"}],"author":[{"embeddable":true,"href":"https:\/\/rogers-centre.ca\/fr\/wp-json\/wp\/v2\/users\/3"}],"replies":[{"embeddable":true,"href":"https:\/\/rogers-centre.ca\/fr\/wp-json\/wp\/v2\/comments?post=6139"}],"version-history":[{"count":1,"href":"https:\/\/rogers-centre.ca\/fr\/wp-json\/wp\/v2\/pages\/6139\/revisions"}],"predecessor-version":[{"id":11594,"href":"https:\/\/rogers-centre.ca\/fr\/wp-json\/wp\/v2\/pages\/6139\/revisions\/11594"}],"wp:attachment":[{"href":"https:\/\/rogers-centre.ca\/fr\/wp-json\/wp\/v2\/media?parent=6139"}],"curies":[{"name":"wp","href":"https:\/\/api.w.org\/{rel}","templated":true}]}}