{"id":3614,"date":"2023-03-10T22:15:48","date_gmt":"2023-03-10T22:15:48","guid":{"rendered":"https:\/\/rogers-centre.ca\/about-ottawa"},"modified":"2024-10-28T19:48:08","modified_gmt":"2024-10-28T19:48:08","slug":"a-propos-dottawa","status":"publish","type":"page","link":"https:\/\/rogers-centre.ca\/fr\/a-propos-dottawa","title":{"rendered":"\u00c0 propos d\u2019Ottawa"},"content":{"rendered":"","protected":false},"excerpt":{"rendered":"","protected":false},"author":1,"featured_media":0,"parent":0,"menu_order":0,"comment_status":"closed","ping_status":"closed","template":"templates\/page-pattern-library.php","meta":{"_acf_changed":false,"footnotes":""},"class_list":["post-3614","page","type-page","status-publish","hentry"],"acf":[],"yoast_head":"<!-- This site is optimized with the Yoast SEO plugin v27.2 - https:\/\/yoast.com\/product\/yoast-seo-wordpress\/ -->\n<title>\u00c0 propos d&#039;Ottawa Ontario, Choses \u00e0 faire | Centre Rogers Ottawa<\/title>\n<meta name=\"description\" content=\"Ottawa est une destination de premier choix pour les r\u00e9unions et les congr\u00e8s entre Toronto et Montr\u00e9al au Canada.\" \/>\n<meta name=\"robots\" content=\"index, follow, max-snippet:-1, max-image-preview:large, max-video-preview:-1\" \/>\n<link rel=\"canonical\" href=\"https:\/\/rogers-centre.ca\/fr\/a-propos-dottawa\" \/>\n<meta property=\"og:locale\" content=\"fr_FR\" \/>\n<meta property=\"og:type\" content=\"article\" \/>\n<meta property=\"og:title\" content=\"\u00c0 propos d&#039;Ottawa Ontario, Choses \u00e0 faire | Centre Rogers Ottawa\" \/>\n<meta property=\"og:description\" content=\"Ottawa est une destination de premier choix pour les r\u00e9unions et les congr\u00e8s entre Toronto et Montr\u00e9al au Canada.\" \/>\n<meta property=\"og:url\" content=\"https:\/\/rogers-centre.ca\/fr\/a-propos-dottawa\" \/>\n<meta property=\"og:site_name\" content=\"Centre Rogers Ottawa\" \/>\n<meta property=\"article:modified_time\" content=\"2024-10-28T19:48:08+00:00\" \/>\n<meta name=\"twitter:card\" content=\"summary_large_image\" \/>\n<script type=\"application\/ld+json\" class=\"yoast-schema-graph\">{\"@context\":\"https:\/\/schema.org\",\"@graph\":[{\"@type\":\"WebPage\",\"@id\":\"https:\/\/rogers-centre.ca\/fr\/a-propos-dottawa\",\"url\":\"https:\/\/rogers-centre.ca\/fr\/a-propos-dottawa\",\"name\":\"\u00c0 propos d'Ottawa Ontario, Choses \u00e0 faire | Centre Rogers Ottawa\",\"isPartOf\":{\"@id\":\"https:\/\/rogers-centre.ca\/fr\/#website\"},\"datePublished\":\"2023-03-10T22:15:48+00:00\",\"dateModified\":\"2024-10-28T19:48:08+00:00\",\"description\":\"Ottawa est une destination de premier choix pour les r\u00e9unions et les congr\u00e8s entre Toronto et Montr\u00e9al au Canada.\",\"breadcrumb\":{\"@id\":\"https:\/\/rogers-centre.ca\/fr\/a-propos-dottawa#breadcrumb\"},\"inLanguage\":\"fr-FR\",\"potentialAction\":[{\"@type\":\"ReadAction\",\"target\":[\"https:\/\/rogers-centre.ca\/fr\/a-propos-dottawa\"]}]},{\"@type\":\"BreadcrumbList\",\"@id\":\"https:\/\/rogers-centre.ca\/fr\/a-propos-dottawa#breadcrumb\",\"itemListElement\":[{\"@type\":\"ListItem\",\"position\":1,\"name\":\"Home\",\"item\":\"https:\/\/rogers-centre.ca\/fr\"},{\"@type\":\"ListItem\",\"position\":2,\"name\":\"\u00c0 propos d\u2019Ottawa\"}]},{\"@type\":\"WebSite\",\"@id\":\"https:\/\/rogers-centre.ca\/fr\/#website\",\"url\":\"https:\/\/rogers-centre.ca\/fr\/\",\"name\":\"Centre Rogers Ottawa\",\"description\":\"Welcome to Canada\u2019s Meeting Place in the Heart of Ottawa.\",\"potentialAction\":[{\"@type\":\"SearchAction\",\"target\":{\"@type\":\"EntryPoint\",\"urlTemplate\":\"https:\/\/rogers-centre.ca\/fr\/?s={search_term_string}\"},\"query-input\":{\"@type\":\"PropertyValueSpecification\",\"valueRequired\":true,\"valueName\":\"search_term_string\"}}],\"inLanguage\":\"fr-FR\"}]}<\/script>\n<!-- \/ Yoast SEO plugin. -->","yoast_head_json":{"title":"\u00c0 propos d'Ottawa Ontario, Choses \u00e0 faire | Centre Rogers Ottawa","description":"Ottawa est une destination de premier choix pour les r\u00e9unions et les congr\u00e8s entre Toronto et Montr\u00e9al au Canada.","robots":{"index":"index","follow":"follow","max-snippet":"max-snippet:-1","max-image-preview":"max-image-preview:large","max-video-preview":"max-video-preview:-1"},"canonical":"https:\/\/rogers-centre.ca\/fr\/a-propos-dottawa","og_locale":"fr_FR","og_type":"article","og_title":"\u00c0 propos d'Ottawa Ontario, Choses \u00e0 faire | Centre Rogers Ottawa","og_description":"Ottawa est une destination de premier choix pour les r\u00e9unions et les congr\u00e8s entre Toronto et Montr\u00e9al au Canada.","og_url":"https:\/\/rogers-centre.ca\/fr\/a-propos-dottawa","og_site_name":"Centre Rogers Ottawa","article_modified_time":"2024-10-28T19:48:08+00:00","twitter_card":"summary_large_image","schema":{"@context":"https:\/\/schema.org","@graph":[{"@type":"WebPage","@id":"https:\/\/rogers-centre.ca\/fr\/a-propos-dottawa","url":"https:\/\/rogers-centre.ca\/fr\/a-propos-dottawa","name":"\u00c0 propos d'Ottawa Ontario, Choses \u00e0 faire | Centre Rogers Ottawa","isPartOf":{"@id":"https:\/\/rogers-centre.ca\/fr\/#website"},"datePublished":"2023-03-10T22:15:48+00:00","dateModified":"2024-10-28T19:48:08+00:00","description":"Ottawa est une destination de premier choix pour les r\u00e9unions et les congr\u00e8s entre Toronto et Montr\u00e9al au Canada.","breadcrumb":{"@id":"https:\/\/rogers-centre.ca\/fr\/a-propos-dottawa#breadcrumb"},"inLanguage":"fr-FR","potentialAction":[{"@type":"ReadAction","target":["https:\/\/rogers-centre.ca\/fr\/a-propos-dottawa"]}]},{"@type":"BreadcrumbList","@id":"https:\/\/rogers-centre.ca\/fr\/a-propos-dottawa#breadcrumb","itemListElement":[{"@type":"ListItem","position":1,"name":"Home","item":"https:\/\/rogers-centre.ca\/fr"},{"@type":"ListItem","position":2,"name":"\u00c0 propos d\u2019Ottawa"}]},{"@type":"WebSite","@id":"https:\/\/rogers-centre.ca\/fr\/#website","url":"https:\/\/rogers-centre.ca\/fr\/","name":"Centre Rogers Ottawa","description":"Welcome to Canada\u2019s Meeting Place in the Heart of Ottawa.","potentialAction":[{"@type":"SearchAction","target":{"@type":"EntryPoint","urlTemplate":"https:\/\/rogers-centre.ca\/fr\/?s={search_term_string}"},"query-input":{"@type":"PropertyValueSpecification","valueRequired":true,"valueName":"search_term_string"}}],"inLanguage":"fr-FR"}]}},"_links":{"self":[{"href":"https:\/\/rogers-centre.ca\/fr\/wp-json\/wp\/v2\/pages\/3614","targetHints":{"allow":["GET"]}}],"collection":[{"href":"https:\/\/rogers-centre.ca\/fr\/wp-json\/wp\/v2\/pages"}],"about":[{"href":"https:\/\/rogers-centre.ca\/fr\/wp-json\/wp\/v2\/types\/page"}],"author":[{"embeddable":true,"href":"https:\/\/rogers-centre.ca\/fr\/wp-json\/wp\/v2\/users\/1"}],"replies":[{"embeddable":true,"href":"https:\/\/rogers-centre.ca\/fr\/wp-json\/wp\/v2\/comments?post=3614"}],"version-history":[{"count":1,"href":"https:\/\/rogers-centre.ca\/fr\/wp-json\/wp\/v2\/pages\/3614\/revisions"}],"predecessor-version":[{"id":9506,"href":"https:\/\/rogers-centre.ca\/fr\/wp-json\/wp\/v2\/pages\/3614\/revisions\/9506"}],"wp:attachment":[{"href":"https:\/\/rogers-centre.ca\/fr\/wp-json\/wp\/v2\/media?parent=3614"}],"curies":[{"name":"wp","href":"https:\/\/api.w.org\/{rel}","templated":true}]}}