{"id":2314,"date":"2023-02-28T15:25:58","date_gmt":"2023-02-28T15:25:58","guid":{"rendered":"https:\/\/rogers-centre.ca\/?page_id=2314"},"modified":"2024-11-11T17:40:28","modified_gmt":"2024-11-11T17:40:28","slug":"blogue","status":"publish","type":"page","link":"https:\/\/rogers-centre.ca\/fr\/blogue","title":{"rendered":"Blogue"},"content":{"rendered":"","protected":false},"excerpt":{"rendered":"","protected":false},"author":1,"featured_media":0,"parent":0,"menu_order":0,"comment_status":"closed","ping_status":"closed","template":"templates\/page-pattern-library.php","meta":{"_acf_changed":false,"footnotes":""},"class_list":["post-2314","page","type-page","status-publish","hentry"],"acf":[],"yoast_head":"<!-- This site is optimized with the Yoast SEO plugin v27.2 - https:\/\/yoast.com\/product\/yoast-seo-wordpress\/ -->\n<title>Blogue, Lieu de rencontre au Canada | Centre Rogers Ottawa<\/title>\n<meta name=\"description\" content=\"Notre blogue fournira des renseignements opportuns sur l&#039;industrie et des aper\u00e7us de certains des \u00e9v\u00e9nements qui se d\u00e9roulent au Centre Rogers Ottawa.\" \/>\n<meta name=\"robots\" content=\"index, follow, max-snippet:-1, max-image-preview:large, max-video-preview:-1\" \/>\n<link rel=\"canonical\" href=\"https:\/\/rogers-centre.ca\/fr\/blogue\" \/>\n<meta property=\"og:locale\" content=\"fr_FR\" \/>\n<meta property=\"og:type\" content=\"article\" \/>\n<meta property=\"og:title\" content=\"Blogue, Lieu de rencontre au Canada | Centre Rogers Ottawa\" \/>\n<meta property=\"og:description\" content=\"Notre blogue fournira des renseignements opportuns sur l&#039;industrie et des aper\u00e7us de certains des \u00e9v\u00e9nements qui se d\u00e9roulent au Centre Rogers Ottawa.\" \/>\n<meta property=\"og:url\" content=\"https:\/\/rogers-centre.ca\/fr\/blogue\" \/>\n<meta property=\"og:site_name\" content=\"Centre Rogers Ottawa\" \/>\n<meta property=\"article:modified_time\" content=\"2024-11-11T17:40:28+00:00\" \/>\n<meta name=\"twitter:card\" content=\"summary_large_image\" \/>\n<script type=\"application\/ld+json\" class=\"yoast-schema-graph\">{\"@context\":\"https:\/\/schema.org\",\"@graph\":[{\"@type\":\"WebPage\",\"@id\":\"https:\/\/rogers-centre.ca\/fr\/blogue\",\"url\":\"https:\/\/rogers-centre.ca\/fr\/blogue\",\"name\":\"Blogue, Lieu de rencontre au Canada | Centre Rogers Ottawa\",\"isPartOf\":{\"@id\":\"https:\/\/rogers-centre.ca\/fr\/#website\"},\"datePublished\":\"2023-02-28T15:25:58+00:00\",\"dateModified\":\"2024-11-11T17:40:28+00:00\",\"description\":\"Notre blogue fournira des renseignements opportuns sur l'industrie et des aper\u00e7us de certains des \u00e9v\u00e9nements qui se d\u00e9roulent au Centre Rogers Ottawa.\",\"breadcrumb\":{\"@id\":\"https:\/\/rogers-centre.ca\/fr\/blogue#breadcrumb\"},\"inLanguage\":\"fr-FR\",\"potentialAction\":[{\"@type\":\"ReadAction\",\"target\":[\"https:\/\/rogers-centre.ca\/fr\/blogue\"]}]},{\"@type\":\"BreadcrumbList\",\"@id\":\"https:\/\/rogers-centre.ca\/fr\/blogue#breadcrumb\",\"itemListElement\":[{\"@type\":\"ListItem\",\"position\":1,\"name\":\"Home\",\"item\":\"https:\/\/rogers-centre.ca\/fr\"},{\"@type\":\"ListItem\",\"position\":2,\"name\":\"Blogue\"}]},{\"@type\":\"WebSite\",\"@id\":\"https:\/\/rogers-centre.ca\/fr\/#website\",\"url\":\"https:\/\/rogers-centre.ca\/fr\/\",\"name\":\"Centre Rogers Ottawa\",\"description\":\"Welcome to Canada\u2019s Meeting Place in the Heart of Ottawa.\",\"potentialAction\":[{\"@type\":\"SearchAction\",\"target\":{\"@type\":\"EntryPoint\",\"urlTemplate\":\"https:\/\/rogers-centre.ca\/fr\/?s={search_term_string}\"},\"query-input\":{\"@type\":\"PropertyValueSpecification\",\"valueRequired\":true,\"valueName\":\"search_term_string\"}}],\"inLanguage\":\"fr-FR\"}]}<\/script>\n<!-- \/ Yoast SEO plugin. -->","yoast_head_json":{"title":"Blogue, Lieu de rencontre au Canada | Centre Rogers Ottawa","description":"Notre blogue fournira des renseignements opportuns sur l'industrie et des aper\u00e7us de certains des \u00e9v\u00e9nements qui se d\u00e9roulent au Centre Rogers Ottawa.","robots":{"index":"index","follow":"follow","max-snippet":"max-snippet:-1","max-image-preview":"max-image-preview:large","max-video-preview":"max-video-preview:-1"},"canonical":"https:\/\/rogers-centre.ca\/fr\/blogue","og_locale":"fr_FR","og_type":"article","og_title":"Blogue, Lieu de rencontre au Canada | Centre Rogers Ottawa","og_description":"Notre blogue fournira des renseignements opportuns sur l'industrie et des aper\u00e7us de certains des \u00e9v\u00e9nements qui se d\u00e9roulent au Centre Rogers Ottawa.","og_url":"https:\/\/rogers-centre.ca\/fr\/blogue","og_site_name":"Centre Rogers Ottawa","article_modified_time":"2024-11-11T17:40:28+00:00","twitter_card":"summary_large_image","schema":{"@context":"https:\/\/schema.org","@graph":[{"@type":"WebPage","@id":"https:\/\/rogers-centre.ca\/fr\/blogue","url":"https:\/\/rogers-centre.ca\/fr\/blogue","name":"Blogue, Lieu de rencontre au Canada | Centre Rogers Ottawa","isPartOf":{"@id":"https:\/\/rogers-centre.ca\/fr\/#website"},"datePublished":"2023-02-28T15:25:58+00:00","dateModified":"2024-11-11T17:40:28+00:00","description":"Notre blogue fournira des renseignements opportuns sur l'industrie et des aper\u00e7us de certains des \u00e9v\u00e9nements qui se d\u00e9roulent au Centre Rogers Ottawa.","breadcrumb":{"@id":"https:\/\/rogers-centre.ca\/fr\/blogue#breadcrumb"},"inLanguage":"fr-FR","potentialAction":[{"@type":"ReadAction","target":["https:\/\/rogers-centre.ca\/fr\/blogue"]}]},{"@type":"BreadcrumbList","@id":"https:\/\/rogers-centre.ca\/fr\/blogue#breadcrumb","itemListElement":[{"@type":"ListItem","position":1,"name":"Home","item":"https:\/\/rogers-centre.ca\/fr"},{"@type":"ListItem","position":2,"name":"Blogue"}]},{"@type":"WebSite","@id":"https:\/\/rogers-centre.ca\/fr\/#website","url":"https:\/\/rogers-centre.ca\/fr\/","name":"Centre Rogers Ottawa","description":"Welcome to Canada\u2019s Meeting Place in the Heart of Ottawa.","potentialAction":[{"@type":"SearchAction","target":{"@type":"EntryPoint","urlTemplate":"https:\/\/rogers-centre.ca\/fr\/?s={search_term_string}"},"query-input":{"@type":"PropertyValueSpecification","valueRequired":true,"valueName":"search_term_string"}}],"inLanguage":"fr-FR"}]}},"_links":{"self":[{"href":"https:\/\/rogers-centre.ca\/fr\/wp-json\/wp\/v2\/pages\/2314","targetHints":{"allow":["GET"]}}],"collection":[{"href":"https:\/\/rogers-centre.ca\/fr\/wp-json\/wp\/v2\/pages"}],"about":[{"href":"https:\/\/rogers-centre.ca\/fr\/wp-json\/wp\/v2\/types\/page"}],"author":[{"embeddable":true,"href":"https:\/\/rogers-centre.ca\/fr\/wp-json\/wp\/v2\/users\/1"}],"replies":[{"embeddable":true,"href":"https:\/\/rogers-centre.ca\/fr\/wp-json\/wp\/v2\/comments?post=2314"}],"version-history":[{"count":1,"href":"https:\/\/rogers-centre.ca\/fr\/wp-json\/wp\/v2\/pages\/2314\/revisions"}],"predecessor-version":[{"id":9597,"href":"https:\/\/rogers-centre.ca\/fr\/wp-json\/wp\/v2\/pages\/2314\/revisions\/9597"}],"wp:attachment":[{"href":"https:\/\/rogers-centre.ca\/fr\/wp-json\/wp\/v2\/media?parent=2314"}],"curies":[{"name":"wp","href":"https:\/\/api.w.org\/{rel}","templated":true}]}}