{"id":1917,"date":"2023-01-27T03:54:59","date_gmt":"2023-01-27T03:54:59","guid":{"rendered":"https:\/\/rogers-centre.ca\/planners"},"modified":"2026-01-09T16:49:57","modified_gmt":"2026-01-09T16:49:57","slug":"planificateurs","status":"publish","type":"page","link":"https:\/\/rogers-centre.ca\/fr\/planificateurs","title":{"rendered":"Planificateurs"},"content":{"rendered":"","protected":false},"excerpt":{"rendered":"","protected":false},"author":1,"featured_media":0,"parent":0,"menu_order":0,"comment_status":"closed","ping_status":"closed","template":"templates\/page-pattern-library.php","meta":{"_acf_changed":false,"footnotes":""},"class_list":["post-1917","page","type-page","status-publish","hentry"],"acf":[],"yoast_head":"<!-- This site is optimized with the Yoast SEO plugin v27.2 - https:\/\/yoast.com\/product\/yoast-seo-wordpress\/ -->\n<title>Planificateurs pour des \u00e9v\u00e9nements extraordinaires | Centre Rogers Ottawa<\/title>\n<meta name=\"description\" content=\"D\u00e9couvrez certains des avantages li\u00e9s \u00e0 l&#039;organisation d&#039;un \u00e9v\u00e9nement au Centre Rogers Ottawa. Explorez nos espaces \u00e9v\u00e9nementiels \u00e0 Ottawa et nos services de restauration.\" \/>\n<meta name=\"robots\" content=\"index, follow, max-snippet:-1, max-image-preview:large, max-video-preview:-1\" \/>\n<link rel=\"canonical\" href=\"https:\/\/rogers-centre.ca\/fr\/planificateurs\" \/>\n<meta property=\"og:locale\" content=\"fr_FR\" \/>\n<meta property=\"og:type\" content=\"article\" \/>\n<meta property=\"og:title\" content=\"Planificateurs pour des \u00e9v\u00e9nements extraordinaires | Centre Rogers Ottawa\" \/>\n<meta property=\"og:description\" content=\"D\u00e9couvrez certains des avantages li\u00e9s \u00e0 l&#039;organisation d&#039;un \u00e9v\u00e9nement au Centre Rogers Ottawa. Explorez nos espaces \u00e9v\u00e9nementiels \u00e0 Ottawa et nos services de restauration.\" \/>\n<meta property=\"og:url\" content=\"https:\/\/rogers-centre.ca\/fr\/planificateurs\" \/>\n<meta property=\"og:site_name\" content=\"Centre Rogers Ottawa\" \/>\n<meta property=\"article:modified_time\" content=\"2026-01-09T16:49:57+00:00\" \/>\n<meta name=\"twitter:card\" content=\"summary_large_image\" \/>\n<script type=\"application\/ld+json\" class=\"yoast-schema-graph\">{\"@context\":\"https:\/\/schema.org\",\"@graph\":[{\"@type\":\"WebPage\",\"@id\":\"https:\/\/rogers-centre.ca\/fr\/planificateurs\",\"url\":\"https:\/\/rogers-centre.ca\/fr\/planificateurs\",\"name\":\"Planificateurs pour des \u00e9v\u00e9nements extraordinaires | Centre Rogers Ottawa\",\"isPartOf\":{\"@id\":\"https:\/\/rogers-centre.ca\/fr\/#website\"},\"datePublished\":\"2023-01-27T03:54:59+00:00\",\"dateModified\":\"2026-01-09T16:49:57+00:00\",\"description\":\"D\u00e9couvrez certains des avantages li\u00e9s \u00e0 l'organisation d'un \u00e9v\u00e9nement au Centre Rogers Ottawa. Explorez nos espaces \u00e9v\u00e9nementiels \u00e0 Ottawa et nos services de restauration.\",\"breadcrumb\":{\"@id\":\"https:\/\/rogers-centre.ca\/fr\/planificateurs#breadcrumb\"},\"inLanguage\":\"fr-FR\",\"potentialAction\":[{\"@type\":\"ReadAction\",\"target\":[\"https:\/\/rogers-centre.ca\/fr\/planificateurs\"]}]},{\"@type\":\"BreadcrumbList\",\"@id\":\"https:\/\/rogers-centre.ca\/fr\/planificateurs#breadcrumb\",\"itemListElement\":[{\"@type\":\"ListItem\",\"position\":1,\"name\":\"Home\",\"item\":\"https:\/\/rogers-centre.ca\/fr\"},{\"@type\":\"ListItem\",\"position\":2,\"name\":\"Planificateurs\"}]},{\"@type\":\"WebSite\",\"@id\":\"https:\/\/rogers-centre.ca\/fr\/#website\",\"url\":\"https:\/\/rogers-centre.ca\/fr\/\",\"name\":\"Centre Rogers Ottawa\",\"description\":\"Welcome to Canada\u2019s Meeting Place in the Heart of Ottawa.\",\"potentialAction\":[{\"@type\":\"SearchAction\",\"target\":{\"@type\":\"EntryPoint\",\"urlTemplate\":\"https:\/\/rogers-centre.ca\/fr\/?s={search_term_string}\"},\"query-input\":{\"@type\":\"PropertyValueSpecification\",\"valueRequired\":true,\"valueName\":\"search_term_string\"}}],\"inLanguage\":\"fr-FR\"}]}<\/script>\n<!-- \/ Yoast SEO plugin. -->","yoast_head_json":{"title":"Planificateurs pour des \u00e9v\u00e9nements extraordinaires | Centre Rogers Ottawa","description":"D\u00e9couvrez certains des avantages li\u00e9s \u00e0 l'organisation d'un \u00e9v\u00e9nement au Centre Rogers Ottawa. Explorez nos espaces \u00e9v\u00e9nementiels \u00e0 Ottawa et nos services de restauration.","robots":{"index":"index","follow":"follow","max-snippet":"max-snippet:-1","max-image-preview":"max-image-preview:large","max-video-preview":"max-video-preview:-1"},"canonical":"https:\/\/rogers-centre.ca\/fr\/planificateurs","og_locale":"fr_FR","og_type":"article","og_title":"Planificateurs pour des \u00e9v\u00e9nements extraordinaires | Centre Rogers Ottawa","og_description":"D\u00e9couvrez certains des avantages li\u00e9s \u00e0 l'organisation d'un \u00e9v\u00e9nement au Centre Rogers Ottawa. Explorez nos espaces \u00e9v\u00e9nementiels \u00e0 Ottawa et nos services de restauration.","og_url":"https:\/\/rogers-centre.ca\/fr\/planificateurs","og_site_name":"Centre Rogers Ottawa","article_modified_time":"2026-01-09T16:49:57+00:00","twitter_card":"summary_large_image","schema":{"@context":"https:\/\/schema.org","@graph":[{"@type":"WebPage","@id":"https:\/\/rogers-centre.ca\/fr\/planificateurs","url":"https:\/\/rogers-centre.ca\/fr\/planificateurs","name":"Planificateurs pour des \u00e9v\u00e9nements extraordinaires | Centre Rogers Ottawa","isPartOf":{"@id":"https:\/\/rogers-centre.ca\/fr\/#website"},"datePublished":"2023-01-27T03:54:59+00:00","dateModified":"2026-01-09T16:49:57+00:00","description":"D\u00e9couvrez certains des avantages li\u00e9s \u00e0 l'organisation d'un \u00e9v\u00e9nement au Centre Rogers Ottawa. Explorez nos espaces \u00e9v\u00e9nementiels \u00e0 Ottawa et nos services de restauration.","breadcrumb":{"@id":"https:\/\/rogers-centre.ca\/fr\/planificateurs#breadcrumb"},"inLanguage":"fr-FR","potentialAction":[{"@type":"ReadAction","target":["https:\/\/rogers-centre.ca\/fr\/planificateurs"]}]},{"@type":"BreadcrumbList","@id":"https:\/\/rogers-centre.ca\/fr\/planificateurs#breadcrumb","itemListElement":[{"@type":"ListItem","position":1,"name":"Home","item":"https:\/\/rogers-centre.ca\/fr"},{"@type":"ListItem","position":2,"name":"Planificateurs"}]},{"@type":"WebSite","@id":"https:\/\/rogers-centre.ca\/fr\/#website","url":"https:\/\/rogers-centre.ca\/fr\/","name":"Centre Rogers Ottawa","description":"Welcome to Canada\u2019s Meeting Place in the Heart of Ottawa.","potentialAction":[{"@type":"SearchAction","target":{"@type":"EntryPoint","urlTemplate":"https:\/\/rogers-centre.ca\/fr\/?s={search_term_string}"},"query-input":{"@type":"PropertyValueSpecification","valueRequired":true,"valueName":"search_term_string"}}],"inLanguage":"fr-FR"}]}},"_links":{"self":[{"href":"https:\/\/rogers-centre.ca\/fr\/wp-json\/wp\/v2\/pages\/1917","targetHints":{"allow":["GET"]}}],"collection":[{"href":"https:\/\/rogers-centre.ca\/fr\/wp-json\/wp\/v2\/pages"}],"about":[{"href":"https:\/\/rogers-centre.ca\/fr\/wp-json\/wp\/v2\/types\/page"}],"author":[{"embeddable":true,"href":"https:\/\/rogers-centre.ca\/fr\/wp-json\/wp\/v2\/users\/1"}],"replies":[{"embeddable":true,"href":"https:\/\/rogers-centre.ca\/fr\/wp-json\/wp\/v2\/comments?post=1917"}],"version-history":[{"count":16,"href":"https:\/\/rogers-centre.ca\/fr\/wp-json\/wp\/v2\/pages\/1917\/revisions"}],"predecessor-version":[{"id":11423,"href":"https:\/\/rogers-centre.ca\/fr\/wp-json\/wp\/v2\/pages\/1917\/revisions\/11423"}],"wp:attachment":[{"href":"https:\/\/rogers-centre.ca\/fr\/wp-json\/wp\/v2\/media?parent=1917"}],"curies":[{"name":"wp","href":"https:\/\/api.w.org\/{rel}","templated":true}]}}