{"id":133,"date":"2023-01-27T03:54:19","date_gmt":"2023-01-27T03:54:19","guid":{"rendered":"https:\/\/rogers-centre.ca\/planners\/show-services"},"modified":"2025-01-22T14:04:12","modified_gmt":"2025-01-22T14:04:12","slug":"services-dexposition","status":"publish","type":"page","link":"https:\/\/rogers-centre.ca\/fr\/planificateurs\/services-dexposition","title":{"rendered":"Services d\u2019exposition"},"content":{"rendered":"","protected":false},"excerpt":{"rendered":"","protected":false},"author":1,"featured_media":0,"parent":1917,"menu_order":0,"comment_status":"closed","ping_status":"closed","template":"templates\/page-pattern-library.php","meta":{"_acf_changed":false,"footnotes":""},"class_list":["post-133","page","type-page","status-publish","hentry"],"acf":[],"yoast_head":"<!-- This site is optimized with the Yoast SEO plugin v27.2 - https:\/\/yoast.com\/product\/yoast-seo-wordpress\/ -->\n<title>Services de spectacles, AV, \u00e9clairage, \u00e9lectricit\u00e9 | Centre Rogers Ottawa<\/title>\n<meta name=\"description\" content=\"Les partenaires du Centre Rogers Ottawa, soigneusement s\u00e9lectionn\u00e9s et disponibles directement sur place, en mati\u00e8re de services d&#039;exposition sont des chefs de file en termes de technologie audiovisuelle et de pr\u00e9sentation, et bien plus encore.\" \/>\n<meta name=\"robots\" content=\"index, follow, max-snippet:-1, max-image-preview:large, max-video-preview:-1\" \/>\n<link rel=\"canonical\" href=\"https:\/\/rogers-centre.ca\/fr\/planificateurs\/services-dexposition\" \/>\n<meta property=\"og:locale\" content=\"fr_FR\" \/>\n<meta property=\"og:type\" content=\"article\" \/>\n<meta property=\"og:title\" content=\"Services de spectacles, AV, \u00e9clairage, \u00e9lectricit\u00e9 | Centre Rogers Ottawa\" \/>\n<meta property=\"og:description\" content=\"Les partenaires du Centre Rogers Ottawa, soigneusement s\u00e9lectionn\u00e9s et disponibles directement sur place, en mati\u00e8re de services d&#039;exposition sont des chefs de file en termes de technologie audiovisuelle et de pr\u00e9sentation, et bien plus encore.\" \/>\n<meta property=\"og:url\" content=\"https:\/\/rogers-centre.ca\/fr\/planificateurs\/services-dexposition\" \/>\n<meta property=\"og:site_name\" content=\"Centre Rogers Ottawa\" \/>\n<meta property=\"article:modified_time\" content=\"2025-01-22T14:04:12+00:00\" \/>\n<meta name=\"twitter:card\" content=\"summary_large_image\" \/>\n<script type=\"application\/ld+json\" class=\"yoast-schema-graph\">{\"@context\":\"https:\/\/schema.org\",\"@graph\":[{\"@type\":\"WebPage\",\"@id\":\"https:\/\/rogers-centre.ca\/fr\/planificateurs\/services-dexposition\",\"url\":\"https:\/\/rogers-centre.ca\/fr\/planificateurs\/services-dexposition\",\"name\":\"Services de spectacles, AV, \u00e9clairage, \u00e9lectricit\u00e9 | Centre Rogers Ottawa\",\"isPartOf\":{\"@id\":\"https:\/\/rogers-centre.ca\/fr\/#website\"},\"datePublished\":\"2023-01-27T03:54:19+00:00\",\"dateModified\":\"2025-01-22T14:04:12+00:00\",\"description\":\"Les partenaires du Centre Rogers Ottawa, soigneusement s\u00e9lectionn\u00e9s et disponibles directement sur place, en mati\u00e8re de services d'exposition sont des chefs de file en termes de technologie audiovisuelle et de pr\u00e9sentation, et bien plus encore.\",\"breadcrumb\":{\"@id\":\"https:\/\/rogers-centre.ca\/fr\/planificateurs\/services-dexposition#breadcrumb\"},\"inLanguage\":\"fr-FR\",\"potentialAction\":[{\"@type\":\"ReadAction\",\"target\":[\"https:\/\/rogers-centre.ca\/fr\/planificateurs\/services-dexposition\"]}]},{\"@type\":\"BreadcrumbList\",\"@id\":\"https:\/\/rogers-centre.ca\/fr\/planificateurs\/services-dexposition#breadcrumb\",\"itemListElement\":[{\"@type\":\"ListItem\",\"position\":1,\"name\":\"Home\",\"item\":\"https:\/\/rogers-centre.ca\/fr\"},{\"@type\":\"ListItem\",\"position\":2,\"name\":\"Planificateurs\",\"item\":\"https:\/\/rogers-centre.ca\/fr\/planificateurs\"},{\"@type\":\"ListItem\",\"position\":3,\"name\":\"Services d\u2019exposition\"}]},{\"@type\":\"WebSite\",\"@id\":\"https:\/\/rogers-centre.ca\/fr\/#website\",\"url\":\"https:\/\/rogers-centre.ca\/fr\/\",\"name\":\"Centre Rogers Ottawa\",\"description\":\"Welcome to Canada\u2019s Meeting Place in the Heart of Ottawa.\",\"potentialAction\":[{\"@type\":\"SearchAction\",\"target\":{\"@type\":\"EntryPoint\",\"urlTemplate\":\"https:\/\/rogers-centre.ca\/fr\/?s={search_term_string}\"},\"query-input\":{\"@type\":\"PropertyValueSpecification\",\"valueRequired\":true,\"valueName\":\"search_term_string\"}}],\"inLanguage\":\"fr-FR\"}]}<\/script>\n<!-- \/ Yoast SEO plugin. -->","yoast_head_json":{"title":"Services de spectacles, AV, \u00e9clairage, \u00e9lectricit\u00e9 | Centre Rogers Ottawa","description":"Les partenaires du Centre Rogers Ottawa, soigneusement s\u00e9lectionn\u00e9s et disponibles directement sur place, en mati\u00e8re de services d'exposition sont des chefs de file en termes de technologie audiovisuelle et de pr\u00e9sentation, et bien plus encore.","robots":{"index":"index","follow":"follow","max-snippet":"max-snippet:-1","max-image-preview":"max-image-preview:large","max-video-preview":"max-video-preview:-1"},"canonical":"https:\/\/rogers-centre.ca\/fr\/planificateurs\/services-dexposition","og_locale":"fr_FR","og_type":"article","og_title":"Services de spectacles, AV, \u00e9clairage, \u00e9lectricit\u00e9 | Centre Rogers Ottawa","og_description":"Les partenaires du Centre Rogers Ottawa, soigneusement s\u00e9lectionn\u00e9s et disponibles directement sur place, en mati\u00e8re de services d'exposition sont des chefs de file en termes de technologie audiovisuelle et de pr\u00e9sentation, et bien plus encore.","og_url":"https:\/\/rogers-centre.ca\/fr\/planificateurs\/services-dexposition","og_site_name":"Centre Rogers Ottawa","article_modified_time":"2025-01-22T14:04:12+00:00","twitter_card":"summary_large_image","schema":{"@context":"https:\/\/schema.org","@graph":[{"@type":"WebPage","@id":"https:\/\/rogers-centre.ca\/fr\/planificateurs\/services-dexposition","url":"https:\/\/rogers-centre.ca\/fr\/planificateurs\/services-dexposition","name":"Services de spectacles, AV, \u00e9clairage, \u00e9lectricit\u00e9 | Centre Rogers Ottawa","isPartOf":{"@id":"https:\/\/rogers-centre.ca\/fr\/#website"},"datePublished":"2023-01-27T03:54:19+00:00","dateModified":"2025-01-22T14:04:12+00:00","description":"Les partenaires du Centre Rogers Ottawa, soigneusement s\u00e9lectionn\u00e9s et disponibles directement sur place, en mati\u00e8re de services d'exposition sont des chefs de file en termes de technologie audiovisuelle et de pr\u00e9sentation, et bien plus encore.","breadcrumb":{"@id":"https:\/\/rogers-centre.ca\/fr\/planificateurs\/services-dexposition#breadcrumb"},"inLanguage":"fr-FR","potentialAction":[{"@type":"ReadAction","target":["https:\/\/rogers-centre.ca\/fr\/planificateurs\/services-dexposition"]}]},{"@type":"BreadcrumbList","@id":"https:\/\/rogers-centre.ca\/fr\/planificateurs\/services-dexposition#breadcrumb","itemListElement":[{"@type":"ListItem","position":1,"name":"Home","item":"https:\/\/rogers-centre.ca\/fr"},{"@type":"ListItem","position":2,"name":"Planificateurs","item":"https:\/\/rogers-centre.ca\/fr\/planificateurs"},{"@type":"ListItem","position":3,"name":"Services d\u2019exposition"}]},{"@type":"WebSite","@id":"https:\/\/rogers-centre.ca\/fr\/#website","url":"https:\/\/rogers-centre.ca\/fr\/","name":"Centre Rogers Ottawa","description":"Welcome to Canada\u2019s Meeting Place in the Heart of Ottawa.","potentialAction":[{"@type":"SearchAction","target":{"@type":"EntryPoint","urlTemplate":"https:\/\/rogers-centre.ca\/fr\/?s={search_term_string}"},"query-input":{"@type":"PropertyValueSpecification","valueRequired":true,"valueName":"search_term_string"}}],"inLanguage":"fr-FR"}]}},"_links":{"self":[{"href":"https:\/\/rogers-centre.ca\/fr\/wp-json\/wp\/v2\/pages\/133","targetHints":{"allow":["GET"]}}],"collection":[{"href":"https:\/\/rogers-centre.ca\/fr\/wp-json\/wp\/v2\/pages"}],"about":[{"href":"https:\/\/rogers-centre.ca\/fr\/wp-json\/wp\/v2\/types\/page"}],"author":[{"embeddable":true,"href":"https:\/\/rogers-centre.ca\/fr\/wp-json\/wp\/v2\/users\/1"}],"replies":[{"embeddable":true,"href":"https:\/\/rogers-centre.ca\/fr\/wp-json\/wp\/v2\/comments?post=133"}],"version-history":[{"count":2,"href":"https:\/\/rogers-centre.ca\/fr\/wp-json\/wp\/v2\/pages\/133\/revisions"}],"predecessor-version":[{"id":9935,"href":"https:\/\/rogers-centre.ca\/fr\/wp-json\/wp\/v2\/pages\/133\/revisions\/9935"}],"up":[{"embeddable":true,"href":"https:\/\/rogers-centre.ca\/fr\/wp-json\/wp\/v2\/pages\/1917"}],"wp:attachment":[{"href":"https:\/\/rogers-centre.ca\/fr\/wp-json\/wp\/v2\/media?parent=133"}],"curies":[{"name":"wp","href":"https:\/\/api.w.org\/{rel}","templated":true}]}}