{"id":121,"date":"2023-01-27T03:57:07","date_gmt":"2023-01-27T03:57:07","guid":{"rendered":"https:\/\/rogers-centre.ca\/exhibitors\/show-services"},"modified":"2025-01-22T14:07:18","modified_gmt":"2025-01-22T14:07:18","slug":"services-dexposition","status":"publish","type":"page","link":"https:\/\/rogers-centre.ca\/fr\/exposants\/services-dexposition","title":{"rendered":"Services d\u2019exposition"},"content":{"rendered":"","protected":false},"excerpt":{"rendered":"","protected":false},"author":1,"featured_media":0,"parent":115,"menu_order":0,"comment_status":"closed","ping_status":"closed","template":"templates\/page-pattern-library.php","meta":{"_acf_changed":false,"footnotes":""},"class_list":["post-121","page","type-page","status-publish","hentry"],"acf":[],"yoast_head":"<!-- This site is optimized with the Yoast SEO plugin v27.2 - https:\/\/yoast.com\/product\/yoast-seo-wordpress\/ -->\n<title>Services d&#039;exposition, \u00c9lectricit\u00e9, Audio &amp; Visuel | Centre Rogers Ottawa<\/title>\n<meta name=\"description\" content=\"Les partenaires du Centre Rogers Ottawa en mati\u00e8re de services d&#039;exposition sont des chefs de file dans le domaine de la technologie audiovisuelle.\" \/>\n<meta name=\"robots\" content=\"index, follow, max-snippet:-1, max-image-preview:large, max-video-preview:-1\" \/>\n<link rel=\"canonical\" href=\"https:\/\/rogers-centre.ca\/fr\/exposants\/services-dexposition\" \/>\n<meta property=\"og:locale\" content=\"fr_FR\" \/>\n<meta property=\"og:type\" content=\"article\" \/>\n<meta property=\"og:title\" content=\"Services d&#039;exposition, \u00c9lectricit\u00e9, Audio &amp; Visuel | Centre Rogers Ottawa\" \/>\n<meta property=\"og:description\" content=\"Les partenaires du Centre Rogers Ottawa en mati\u00e8re de services d&#039;exposition sont des chefs de file dans le domaine de la technologie audiovisuelle.\" \/>\n<meta property=\"og:url\" content=\"https:\/\/rogers-centre.ca\/fr\/exposants\/services-dexposition\" \/>\n<meta property=\"og:site_name\" content=\"Centre Rogers Ottawa\" \/>\n<meta property=\"article:modified_time\" content=\"2025-01-22T14:07:18+00:00\" \/>\n<meta name=\"twitter:card\" content=\"summary_large_image\" \/>\n<script type=\"application\/ld+json\" class=\"yoast-schema-graph\">{\"@context\":\"https:\/\/schema.org\",\"@graph\":[{\"@type\":\"WebPage\",\"@id\":\"https:\/\/rogers-centre.ca\/fr\/exposants\/services-dexposition\",\"url\":\"https:\/\/rogers-centre.ca\/fr\/exposants\/services-dexposition\",\"name\":\"Services d'exposition, \u00c9lectricit\u00e9, Audio & Visuel | Centre Rogers Ottawa\",\"isPartOf\":{\"@id\":\"https:\/\/rogers-centre.ca\/fr\/#website\"},\"datePublished\":\"2023-01-27T03:57:07+00:00\",\"dateModified\":\"2025-01-22T14:07:18+00:00\",\"description\":\"Les partenaires du Centre Rogers Ottawa en mati\u00e8re de services d'exposition sont des chefs de file dans le domaine de la technologie audiovisuelle.\",\"breadcrumb\":{\"@id\":\"https:\/\/rogers-centre.ca\/fr\/exposants\/services-dexposition#breadcrumb\"},\"inLanguage\":\"fr-FR\",\"potentialAction\":[{\"@type\":\"ReadAction\",\"target\":[\"https:\/\/rogers-centre.ca\/fr\/exposants\/services-dexposition\"]}]},{\"@type\":\"BreadcrumbList\",\"@id\":\"https:\/\/rogers-centre.ca\/fr\/exposants\/services-dexposition#breadcrumb\",\"itemListElement\":[{\"@type\":\"ListItem\",\"position\":1,\"name\":\"Home\",\"item\":\"https:\/\/rogers-centre.ca\/fr\"},{\"@type\":\"ListItem\",\"position\":2,\"name\":\"Exposants\",\"item\":\"https:\/\/rogers-centre.ca\/fr\/exposants\"},{\"@type\":\"ListItem\",\"position\":3,\"name\":\"Services d\u2019exposition\"}]},{\"@type\":\"WebSite\",\"@id\":\"https:\/\/rogers-centre.ca\/fr\/#website\",\"url\":\"https:\/\/rogers-centre.ca\/fr\/\",\"name\":\"Centre Rogers Ottawa\",\"description\":\"Welcome to Canada\u2019s Meeting Place in the Heart of Ottawa.\",\"potentialAction\":[{\"@type\":\"SearchAction\",\"target\":{\"@type\":\"EntryPoint\",\"urlTemplate\":\"https:\/\/rogers-centre.ca\/fr\/?s={search_term_string}\"},\"query-input\":{\"@type\":\"PropertyValueSpecification\",\"valueRequired\":true,\"valueName\":\"search_term_string\"}}],\"inLanguage\":\"fr-FR\"}]}<\/script>\n<!-- \/ Yoast SEO plugin. -->","yoast_head_json":{"title":"Services d'exposition, \u00c9lectricit\u00e9, Audio & Visuel | Centre Rogers Ottawa","description":"Les partenaires du Centre Rogers Ottawa en mati\u00e8re de services d'exposition sont des chefs de file dans le domaine de la technologie audiovisuelle.","robots":{"index":"index","follow":"follow","max-snippet":"max-snippet:-1","max-image-preview":"max-image-preview:large","max-video-preview":"max-video-preview:-1"},"canonical":"https:\/\/rogers-centre.ca\/fr\/exposants\/services-dexposition","og_locale":"fr_FR","og_type":"article","og_title":"Services d'exposition, \u00c9lectricit\u00e9, Audio & Visuel | Centre Rogers Ottawa","og_description":"Les partenaires du Centre Rogers Ottawa en mati\u00e8re de services d'exposition sont des chefs de file dans le domaine de la technologie audiovisuelle.","og_url":"https:\/\/rogers-centre.ca\/fr\/exposants\/services-dexposition","og_site_name":"Centre Rogers Ottawa","article_modified_time":"2025-01-22T14:07:18+00:00","twitter_card":"summary_large_image","schema":{"@context":"https:\/\/schema.org","@graph":[{"@type":"WebPage","@id":"https:\/\/rogers-centre.ca\/fr\/exposants\/services-dexposition","url":"https:\/\/rogers-centre.ca\/fr\/exposants\/services-dexposition","name":"Services d'exposition, \u00c9lectricit\u00e9, Audio & Visuel | Centre Rogers Ottawa","isPartOf":{"@id":"https:\/\/rogers-centre.ca\/fr\/#website"},"datePublished":"2023-01-27T03:57:07+00:00","dateModified":"2025-01-22T14:07:18+00:00","description":"Les partenaires du Centre Rogers Ottawa en mati\u00e8re de services d'exposition sont des chefs de file dans le domaine de la technologie audiovisuelle.","breadcrumb":{"@id":"https:\/\/rogers-centre.ca\/fr\/exposants\/services-dexposition#breadcrumb"},"inLanguage":"fr-FR","potentialAction":[{"@type":"ReadAction","target":["https:\/\/rogers-centre.ca\/fr\/exposants\/services-dexposition"]}]},{"@type":"BreadcrumbList","@id":"https:\/\/rogers-centre.ca\/fr\/exposants\/services-dexposition#breadcrumb","itemListElement":[{"@type":"ListItem","position":1,"name":"Home","item":"https:\/\/rogers-centre.ca\/fr"},{"@type":"ListItem","position":2,"name":"Exposants","item":"https:\/\/rogers-centre.ca\/fr\/exposants"},{"@type":"ListItem","position":3,"name":"Services d\u2019exposition"}]},{"@type":"WebSite","@id":"https:\/\/rogers-centre.ca\/fr\/#website","url":"https:\/\/rogers-centre.ca\/fr\/","name":"Centre Rogers Ottawa","description":"Welcome to Canada\u2019s Meeting Place in the Heart of Ottawa.","potentialAction":[{"@type":"SearchAction","target":{"@type":"EntryPoint","urlTemplate":"https:\/\/rogers-centre.ca\/fr\/?s={search_term_string}"},"query-input":{"@type":"PropertyValueSpecification","valueRequired":true,"valueName":"search_term_string"}}],"inLanguage":"fr-FR"}]}},"_links":{"self":[{"href":"https:\/\/rogers-centre.ca\/fr\/wp-json\/wp\/v2\/pages\/121","targetHints":{"allow":["GET"]}}],"collection":[{"href":"https:\/\/rogers-centre.ca\/fr\/wp-json\/wp\/v2\/pages"}],"about":[{"href":"https:\/\/rogers-centre.ca\/fr\/wp-json\/wp\/v2\/types\/page"}],"author":[{"embeddable":true,"href":"https:\/\/rogers-centre.ca\/fr\/wp-json\/wp\/v2\/users\/1"}],"replies":[{"embeddable":true,"href":"https:\/\/rogers-centre.ca\/fr\/wp-json\/wp\/v2\/comments?post=121"}],"version-history":[{"count":2,"href":"https:\/\/rogers-centre.ca\/fr\/wp-json\/wp\/v2\/pages\/121\/revisions"}],"predecessor-version":[{"id":9937,"href":"https:\/\/rogers-centre.ca\/fr\/wp-json\/wp\/v2\/pages\/121\/revisions\/9937"}],"up":[{"embeddable":true,"href":"https:\/\/rogers-centre.ca\/fr\/wp-json\/wp\/v2\/pages\/115"}],"wp:attachment":[{"href":"https:\/\/rogers-centre.ca\/fr\/wp-json\/wp\/v2\/media?parent=121"}],"curies":[{"name":"wp","href":"https:\/\/api.w.org\/{rel}","templated":true}]}}