{"id":109,"date":"2023-01-27T03:57:48","date_gmt":"2023-01-27T03:57:48","guid":{"rendered":"https:\/\/rogers-centre.ca\/attendees"},"modified":"2025-11-17T19:21:18","modified_gmt":"2025-11-17T19:21:18","slug":"participants","status":"publish","type":"page","link":"https:\/\/rogers-centre.ca\/fr\/participants","title":{"rendered":"Participants"},"content":{"rendered":"","protected":false},"excerpt":{"rendered":"","protected":false},"author":1,"featured_media":0,"parent":0,"menu_order":0,"comment_status":"closed","ping_status":"closed","template":"templates\/page-pattern-library.php","meta":{"_acf_changed":false,"footnotes":""},"class_list":["post-109","page","type-page","status-publish","hentry"],"acf":[],"yoast_head":"<!-- This site is optimized with the Yoast SEO plugin v27.2 - https:\/\/yoast.com\/product\/yoast-seo-wordpress\/ -->\n<title>Attendees, Ottawa Meetings, Weddings | Centre Rogers Ottawa<\/title>\n<meta name=\"description\" content=\"Retrouvez-nous Centre Rogers Ottawa - l&#039;un des lieux de r\u00e9union les plus importants au Canada et un endroit spectaculaire pour les congr\u00e8s, les mariages, les r\u00e9unions et bien plus encore.\" \/>\n<meta name=\"robots\" content=\"index, follow, max-snippet:-1, max-image-preview:large, max-video-preview:-1\" \/>\n<link rel=\"canonical\" href=\"https:\/\/rogers-centre.ca\/fr\/participants\" \/>\n<meta property=\"og:locale\" content=\"fr_FR\" \/>\n<meta property=\"og:type\" content=\"article\" \/>\n<meta property=\"og:title\" content=\"Attendees, Ottawa Meetings, Weddings | Centre Rogers Ottawa\" \/>\n<meta property=\"og:description\" content=\"Retrouvez-nous Centre Rogers Ottawa - l&#039;un des lieux de r\u00e9union les plus importants au Canada et un endroit spectaculaire pour les congr\u00e8s, les mariages, les r\u00e9unions et bien plus encore.\" \/>\n<meta property=\"og:url\" content=\"https:\/\/rogers-centre.ca\/fr\/participants\" \/>\n<meta property=\"og:site_name\" content=\"Centre Rogers Ottawa\" \/>\n<meta property=\"article:modified_time\" content=\"2025-11-17T19:21:18+00:00\" \/>\n<meta name=\"twitter:card\" content=\"summary_large_image\" \/>\n<script type=\"application\/ld+json\" class=\"yoast-schema-graph\">{\"@context\":\"https:\/\/schema.org\",\"@graph\":[{\"@type\":\"WebPage\",\"@id\":\"https:\/\/rogers-centre.ca\/fr\/participants\",\"url\":\"https:\/\/rogers-centre.ca\/fr\/participants\",\"name\":\"Attendees, Ottawa Meetings, Weddings | Centre Rogers Ottawa\",\"isPartOf\":{\"@id\":\"https:\/\/rogers-centre.ca\/fr\/#website\"},\"datePublished\":\"2023-01-27T03:57:48+00:00\",\"dateModified\":\"2025-11-17T19:21:18+00:00\",\"description\":\"Retrouvez-nous Centre Rogers Ottawa - l'un des lieux de r\u00e9union les plus importants au Canada et un endroit spectaculaire pour les congr\u00e8s, les mariages, les r\u00e9unions et bien plus encore.\",\"breadcrumb\":{\"@id\":\"https:\/\/rogers-centre.ca\/fr\/participants#breadcrumb\"},\"inLanguage\":\"fr-FR\",\"potentialAction\":[{\"@type\":\"ReadAction\",\"target\":[\"https:\/\/rogers-centre.ca\/fr\/participants\"]}]},{\"@type\":\"BreadcrumbList\",\"@id\":\"https:\/\/rogers-centre.ca\/fr\/participants#breadcrumb\",\"itemListElement\":[{\"@type\":\"ListItem\",\"position\":1,\"name\":\"Home\",\"item\":\"https:\/\/rogers-centre.ca\/fr\"},{\"@type\":\"ListItem\",\"position\":2,\"name\":\"Participants\"}]},{\"@type\":\"WebSite\",\"@id\":\"https:\/\/rogers-centre.ca\/fr\/#website\",\"url\":\"https:\/\/rogers-centre.ca\/fr\/\",\"name\":\"Centre Rogers Ottawa\",\"description\":\"Welcome to Canada\u2019s Meeting Place in the Heart of Ottawa.\",\"potentialAction\":[{\"@type\":\"SearchAction\",\"target\":{\"@type\":\"EntryPoint\",\"urlTemplate\":\"https:\/\/rogers-centre.ca\/fr\/?s={search_term_string}\"},\"query-input\":{\"@type\":\"PropertyValueSpecification\",\"valueRequired\":true,\"valueName\":\"search_term_string\"}}],\"inLanguage\":\"fr-FR\"}]}<\/script>\n<!-- \/ Yoast SEO plugin. -->","yoast_head_json":{"title":"Attendees, Ottawa Meetings, Weddings | Centre Rogers Ottawa","description":"Retrouvez-nous Centre Rogers Ottawa - l'un des lieux de r\u00e9union les plus importants au Canada et un endroit spectaculaire pour les congr\u00e8s, les mariages, les r\u00e9unions et bien plus encore.","robots":{"index":"index","follow":"follow","max-snippet":"max-snippet:-1","max-image-preview":"max-image-preview:large","max-video-preview":"max-video-preview:-1"},"canonical":"https:\/\/rogers-centre.ca\/fr\/participants","og_locale":"fr_FR","og_type":"article","og_title":"Attendees, Ottawa Meetings, Weddings | Centre Rogers Ottawa","og_description":"Retrouvez-nous Centre Rogers Ottawa - l'un des lieux de r\u00e9union les plus importants au Canada et un endroit spectaculaire pour les congr\u00e8s, les mariages, les r\u00e9unions et bien plus encore.","og_url":"https:\/\/rogers-centre.ca\/fr\/participants","og_site_name":"Centre Rogers Ottawa","article_modified_time":"2025-11-17T19:21:18+00:00","twitter_card":"summary_large_image","schema":{"@context":"https:\/\/schema.org","@graph":[{"@type":"WebPage","@id":"https:\/\/rogers-centre.ca\/fr\/participants","url":"https:\/\/rogers-centre.ca\/fr\/participants","name":"Attendees, Ottawa Meetings, Weddings | Centre Rogers Ottawa","isPartOf":{"@id":"https:\/\/rogers-centre.ca\/fr\/#website"},"datePublished":"2023-01-27T03:57:48+00:00","dateModified":"2025-11-17T19:21:18+00:00","description":"Retrouvez-nous Centre Rogers Ottawa - l'un des lieux de r\u00e9union les plus importants au Canada et un endroit spectaculaire pour les congr\u00e8s, les mariages, les r\u00e9unions et bien plus encore.","breadcrumb":{"@id":"https:\/\/rogers-centre.ca\/fr\/participants#breadcrumb"},"inLanguage":"fr-FR","potentialAction":[{"@type":"ReadAction","target":["https:\/\/rogers-centre.ca\/fr\/participants"]}]},{"@type":"BreadcrumbList","@id":"https:\/\/rogers-centre.ca\/fr\/participants#breadcrumb","itemListElement":[{"@type":"ListItem","position":1,"name":"Home","item":"https:\/\/rogers-centre.ca\/fr"},{"@type":"ListItem","position":2,"name":"Participants"}]},{"@type":"WebSite","@id":"https:\/\/rogers-centre.ca\/fr\/#website","url":"https:\/\/rogers-centre.ca\/fr\/","name":"Centre Rogers Ottawa","description":"Welcome to Canada\u2019s Meeting Place in the Heart of Ottawa.","potentialAction":[{"@type":"SearchAction","target":{"@type":"EntryPoint","urlTemplate":"https:\/\/rogers-centre.ca\/fr\/?s={search_term_string}"},"query-input":{"@type":"PropertyValueSpecification","valueRequired":true,"valueName":"search_term_string"}}],"inLanguage":"fr-FR"}]}},"_links":{"self":[{"href":"https:\/\/rogers-centre.ca\/fr\/wp-json\/wp\/v2\/pages\/109","targetHints":{"allow":["GET"]}}],"collection":[{"href":"https:\/\/rogers-centre.ca\/fr\/wp-json\/wp\/v2\/pages"}],"about":[{"href":"https:\/\/rogers-centre.ca\/fr\/wp-json\/wp\/v2\/types\/page"}],"author":[{"embeddable":true,"href":"https:\/\/rogers-centre.ca\/fr\/wp-json\/wp\/v2\/users\/1"}],"replies":[{"embeddable":true,"href":"https:\/\/rogers-centre.ca\/fr\/wp-json\/wp\/v2\/comments?post=109"}],"version-history":[{"count":4,"href":"https:\/\/rogers-centre.ca\/fr\/wp-json\/wp\/v2\/pages\/109\/revisions"}],"predecessor-version":[{"id":11190,"href":"https:\/\/rogers-centre.ca\/fr\/wp-json\/wp\/v2\/pages\/109\/revisions\/11190"}],"wp:attachment":[{"href":"https:\/\/rogers-centre.ca\/fr\/wp-json\/wp\/v2\/media?parent=109"}],"curies":[{"name":"wp","href":"https:\/\/api.w.org\/{rel}","templated":true}]}}