{"id":105,"date":"2023-01-27T03:58:55","date_gmt":"2023-01-27T03:58:55","guid":{"rendered":"https:\/\/rogers-centre.ca\/about-us\/our-team"},"modified":"2026-04-01T17:49:42","modified_gmt":"2026-04-01T17:49:42","slug":"notre-equipe","status":"publish","type":"page","link":"https:\/\/rogers-centre.ca\/fr\/a-propos-de-nous\/notre-equipe","title":{"rendered":"Notre \u00e9quipe"},"content":{"rendered":"","protected":false},"excerpt":{"rendered":"","protected":false},"author":1,"featured_media":0,"parent":89,"menu_order":0,"comment_status":"closed","ping_status":"closed","template":"templates\/page-pattern-library.php","meta":{"_acf_changed":false,"footnotes":""},"class_list":["post-105","page","type-page","status-publish","hentry"],"acf":[],"yoast_head":"<!-- This site is optimized with the Yoast SEO plugin v27.2 - https:\/\/yoast.com\/product\/yoast-seo-wordpress\/ -->\n<title>Notre \u00e9quipe, Espace \u00e9v\u00e9nementiel d&#039;Ottawa | Centre Rogers Ottawa<\/title>\n<meta name=\"description\" content=\"D\u00e9couvrez les personnes et la formule \u00e0 l&#039;origine du succ\u00e8s du Centre Rogers Ottawad&#039;Ottawa. Pour en savoir plus sur l&#039;\u00e9quipe, cliquez ici.\" \/>\n<meta name=\"robots\" content=\"index, follow, max-snippet:-1, max-image-preview:large, max-video-preview:-1\" \/>\n<link rel=\"canonical\" href=\"https:\/\/rogers-centre.ca\/fr\/a-propos-de-nous\/notre-equipe\" \/>\n<meta property=\"og:locale\" content=\"fr_FR\" \/>\n<meta property=\"og:type\" content=\"article\" \/>\n<meta property=\"og:title\" content=\"Notre \u00e9quipe, Espace \u00e9v\u00e9nementiel d&#039;Ottawa | Centre Rogers Ottawa\" \/>\n<meta property=\"og:description\" content=\"D\u00e9couvrez les personnes et la formule \u00e0 l&#039;origine du succ\u00e8s du Centre Rogers Ottawad&#039;Ottawa. Pour en savoir plus sur l&#039;\u00e9quipe, cliquez ici.\" \/>\n<meta property=\"og:url\" content=\"https:\/\/rogers-centre.ca\/fr\/a-propos-de-nous\/notre-equipe\" \/>\n<meta property=\"og:site_name\" content=\"Centre Rogers Ottawa\" \/>\n<meta property=\"article:modified_time\" content=\"2026-04-01T17:49:42+00:00\" \/>\n<meta name=\"twitter:card\" content=\"summary_large_image\" \/>\n<script type=\"application\/ld+json\" class=\"yoast-schema-graph\">{\"@context\":\"https:\/\/schema.org\",\"@graph\":[{\"@type\":\"WebPage\",\"@id\":\"https:\/\/rogers-centre.ca\/fr\/a-propos-de-nous\/notre-equipe\",\"url\":\"https:\/\/rogers-centre.ca\/fr\/a-propos-de-nous\/notre-equipe\",\"name\":\"Notre \u00e9quipe, Espace \u00e9v\u00e9nementiel d'Ottawa | Centre Rogers Ottawa\",\"isPartOf\":{\"@id\":\"https:\/\/rogers-centre.ca\/fr\/#website\"},\"datePublished\":\"2023-01-27T03:58:55+00:00\",\"dateModified\":\"2026-04-01T17:49:42+00:00\",\"description\":\"D\u00e9couvrez les personnes et la formule \u00e0 l'origine du succ\u00e8s du Centre Rogers Ottawad'Ottawa. Pour en savoir plus sur l'\u00e9quipe, cliquez ici.\",\"breadcrumb\":{\"@id\":\"https:\/\/rogers-centre.ca\/fr\/a-propos-de-nous\/notre-equipe#breadcrumb\"},\"inLanguage\":\"fr-FR\",\"potentialAction\":[{\"@type\":\"ReadAction\",\"target\":[\"https:\/\/rogers-centre.ca\/fr\/a-propos-de-nous\/notre-equipe\"]}]},{\"@type\":\"BreadcrumbList\",\"@id\":\"https:\/\/rogers-centre.ca\/fr\/a-propos-de-nous\/notre-equipe#breadcrumb\",\"itemListElement\":[{\"@type\":\"ListItem\",\"position\":1,\"name\":\"Home\",\"item\":\"https:\/\/rogers-centre.ca\/fr\"},{\"@type\":\"ListItem\",\"position\":2,\"name\":\"\u00c0 propos de nous\",\"item\":\"https:\/\/rogers-centre.ca\/fr\/a-propos-de-nous\"},{\"@type\":\"ListItem\",\"position\":3,\"name\":\"Notre \u00e9quipe\"}]},{\"@type\":\"WebSite\",\"@id\":\"https:\/\/rogers-centre.ca\/fr\/#website\",\"url\":\"https:\/\/rogers-centre.ca\/fr\/\",\"name\":\"Centre Rogers Ottawa\",\"description\":\"Welcome to Canada\u2019s Meeting Place in the Heart of Ottawa.\",\"potentialAction\":[{\"@type\":\"SearchAction\",\"target\":{\"@type\":\"EntryPoint\",\"urlTemplate\":\"https:\/\/rogers-centre.ca\/fr\/?s={search_term_string}\"},\"query-input\":{\"@type\":\"PropertyValueSpecification\",\"valueRequired\":true,\"valueName\":\"search_term_string\"}}],\"inLanguage\":\"fr-FR\"}]}<\/script>\n<!-- \/ Yoast SEO plugin. -->","yoast_head_json":{"title":"Notre \u00e9quipe, Espace \u00e9v\u00e9nementiel d'Ottawa | Centre Rogers Ottawa","description":"D\u00e9couvrez les personnes et la formule \u00e0 l'origine du succ\u00e8s du Centre Rogers Ottawad'Ottawa. Pour en savoir plus sur l'\u00e9quipe, cliquez ici.","robots":{"index":"index","follow":"follow","max-snippet":"max-snippet:-1","max-image-preview":"max-image-preview:large","max-video-preview":"max-video-preview:-1"},"canonical":"https:\/\/rogers-centre.ca\/fr\/a-propos-de-nous\/notre-equipe","og_locale":"fr_FR","og_type":"article","og_title":"Notre \u00e9quipe, Espace \u00e9v\u00e9nementiel d'Ottawa | Centre Rogers Ottawa","og_description":"D\u00e9couvrez les personnes et la formule \u00e0 l'origine du succ\u00e8s du Centre Rogers Ottawad'Ottawa. Pour en savoir plus sur l'\u00e9quipe, cliquez ici.","og_url":"https:\/\/rogers-centre.ca\/fr\/a-propos-de-nous\/notre-equipe","og_site_name":"Centre Rogers Ottawa","article_modified_time":"2026-04-01T17:49:42+00:00","twitter_card":"summary_large_image","schema":{"@context":"https:\/\/schema.org","@graph":[{"@type":"WebPage","@id":"https:\/\/rogers-centre.ca\/fr\/a-propos-de-nous\/notre-equipe","url":"https:\/\/rogers-centre.ca\/fr\/a-propos-de-nous\/notre-equipe","name":"Notre \u00e9quipe, Espace \u00e9v\u00e9nementiel d'Ottawa | Centre Rogers Ottawa","isPartOf":{"@id":"https:\/\/rogers-centre.ca\/fr\/#website"},"datePublished":"2023-01-27T03:58:55+00:00","dateModified":"2026-04-01T17:49:42+00:00","description":"D\u00e9couvrez les personnes et la formule \u00e0 l'origine du succ\u00e8s du Centre Rogers Ottawad'Ottawa. Pour en savoir plus sur l'\u00e9quipe, cliquez ici.","breadcrumb":{"@id":"https:\/\/rogers-centre.ca\/fr\/a-propos-de-nous\/notre-equipe#breadcrumb"},"inLanguage":"fr-FR","potentialAction":[{"@type":"ReadAction","target":["https:\/\/rogers-centre.ca\/fr\/a-propos-de-nous\/notre-equipe"]}]},{"@type":"BreadcrumbList","@id":"https:\/\/rogers-centre.ca\/fr\/a-propos-de-nous\/notre-equipe#breadcrumb","itemListElement":[{"@type":"ListItem","position":1,"name":"Home","item":"https:\/\/rogers-centre.ca\/fr"},{"@type":"ListItem","position":2,"name":"\u00c0 propos de nous","item":"https:\/\/rogers-centre.ca\/fr\/a-propos-de-nous"},{"@type":"ListItem","position":3,"name":"Notre \u00e9quipe"}]},{"@type":"WebSite","@id":"https:\/\/rogers-centre.ca\/fr\/#website","url":"https:\/\/rogers-centre.ca\/fr\/","name":"Centre Rogers Ottawa","description":"Welcome to Canada\u2019s Meeting Place in the Heart of Ottawa.","potentialAction":[{"@type":"SearchAction","target":{"@type":"EntryPoint","urlTemplate":"https:\/\/rogers-centre.ca\/fr\/?s={search_term_string}"},"query-input":{"@type":"PropertyValueSpecification","valueRequired":true,"valueName":"search_term_string"}}],"inLanguage":"fr-FR"}]}},"_links":{"self":[{"href":"https:\/\/rogers-centre.ca\/fr\/wp-json\/wp\/v2\/pages\/105","targetHints":{"allow":["GET"]}}],"collection":[{"href":"https:\/\/rogers-centre.ca\/fr\/wp-json\/wp\/v2\/pages"}],"about":[{"href":"https:\/\/rogers-centre.ca\/fr\/wp-json\/wp\/v2\/types\/page"}],"author":[{"embeddable":true,"href":"https:\/\/rogers-centre.ca\/fr\/wp-json\/wp\/v2\/users\/1"}],"replies":[{"embeddable":true,"href":"https:\/\/rogers-centre.ca\/fr\/wp-json\/wp\/v2\/comments?post=105"}],"version-history":[{"count":9,"href":"https:\/\/rogers-centre.ca\/fr\/wp-json\/wp\/v2\/pages\/105\/revisions"}],"predecessor-version":[{"id":11684,"href":"https:\/\/rogers-centre.ca\/fr\/wp-json\/wp\/v2\/pages\/105\/revisions\/11684"}],"up":[{"embeddable":true,"href":"https:\/\/rogers-centre.ca\/fr\/wp-json\/wp\/v2\/pages\/89"}],"wp:attachment":[{"href":"https:\/\/rogers-centre.ca\/fr\/wp-json\/wp\/v2\/media?parent=105"}],"curies":[{"name":"wp","href":"https:\/\/api.w.org\/{rel}","templated":true}]}}